{"id":31,"date":"2019-04-18T17:39:17","date_gmt":"2019-04-18T17:39:17","guid":{"rendered":"http:\/\/urologaskedainiuose.lt\/?page_id=31"},"modified":"2026-03-08T18:25:21","modified_gmt":"2026-03-08T18:25:21","slug":"31-2","status":"publish","type":"page","link":"https:\/\/urologaskedainiuose.lt\/","title":{"rendered":"Privatus Urologas K\u0117dainiuose"},"content":{"rendered":"\n<div class=\"wp-block-media-text alignwide\" style=\"grid-template-columns:41% auto\"><figure class=\"wp-block-media-text__media\"><img decoding=\"async\" src=\"https:\/\/urologaskedainiuose.lt\/wp-content\/uploads\/2025\/08\/P1167830-scaled.jpg\" alt=\"Gydytojas urologas Evaldas Grabauskas\" class=\"wp-image-141 size-full\"\/><\/figure><div class=\"wp-block-media-text__content\">\n<p><p>Gyd.<strong>Evaldas Grabauskas<\/strong> konsultuoja:<\/p>\n<meta name=\"google-site-verification\" content=\"gVru7rJgUCqD949pc9vGAo1KZMJQaxLhoTnBdqkQYL4\"><\/p>\n\n\n\n<ul class=\"wp-block-list\">\n<li>\n<span style=\"font-size:17px;\">\nMB &#8220;<strong><a href=\"https:\/\/g.co\/kgs\/fgmz4wq\">K\u0117daini\u0173 urologas<\/a>&#8221; <\/strong>J.Basanavi\u010diaus 25-19, K\u0117dainiai. Registracija telefonu: <strong>+37060249049<\/strong> <\/span>\n<\/li>\n\n\n\n<li><span style=\"font-size:18px;\">Konsultacijos <strong><a data-type=\"page\" data-id=\"153\" href=\"https:\/\/urologaskedainiuose.lt\/index.php\/kainynas\/\">mokamos<\/a>.<\/strong><\/span><\/li>\n<\/ul>\n\n\n\n\n\n<li><span class=\"blink-red\"><\/span> <style><\/style><\/span><\/li>\n<\/div><\/div>\n\n\n<h3 class=\"wp-block-heading\">Apie specialist\u0105:<\/h3>\n\n\n\n<p>Gydytojas konsultuoja d\u0117l \u0161lapimo sistemos (inkst\u0173, \u0161lapimo p\u016bsl\u0117s, prostatos) seksualini\u0173, lytini\u0173 organ\u0173 sutrikim\u0173 ir skiria gydym\u0105. Anonimi\u0161kai tiria d\u0117l lytiniu keliu plintan\u010di\u0173 lig\u0173, skiria gydym\u0105. \u0160alina lytiniu keliu plintan\u010dias karpas (kondilomas). Atlieka <em>prostatos<\/em> biopsijas. Taip pat konsultuoja ir gydo moter\u0173 fizinio kr\u016bvio \u0161lapimo nelaikym\u0105 (\u0161lapimas i\u0161siskiria \u012fprastos ar sunkios fizin\u0117s veiklos metu). \n<\/p>\n\n\n<p>Atlieka \u0161io spektro urologines chirurgines intervencijas : \u00a0 \u00a0vazektomij\u0105, cirkumcizija, hidrocel\u0117s, pasait\u0117lio plastikos, po\u0161laplinio rai\u0161\u010dio implantacijos (TVT), nefrostomos suformavimo\/keitimo\/\u0161alinimio, cistostomos suformavimo\/keitimo, s\u0117klid\u0117s implanto \u012fd\u0117jimo, cistoskopij\u0105, endoskopin\u012f \u00a0\u0161lapimtakio stentavim\u0105 \u012fd\u0117jimo \u00a0ir kitas operacijas.<\/p>\n<p><\/p>\n<p><\/p>\n<p><\/p>\n<p><\/p>\n<h3 class=\"wp-block-heading\">Licencijos:<\/h3>\n<p><\/p>\n<p><\/p>\n<ul class=\"wp-block-list\">\n<li style=\"list-style-type: none;\">\n<ul class=\"wp-block-list\"><\/p>\n<li>MPL-20175 Gydytojas urologas<\/li>\n<\/ul>\n<\/li>\n<\/ul>\n<p><\/p>\n<p><\/p>\n<ul class=\"wp-block-list\">\n<li style=\"list-style-type: none;\">\n<ul class=\"wp-block-list\">\n<li>MPL-16465 Medicinos gydytojas<\/li>\n<\/ul>\n<\/li>\n<\/ul>\n<p><\/p>\n<p><\/p>\n<p><\/p>\n<h3 class=\"wp-block-heading\">Kalba \u0161iomis kalbomis:<\/h3>\n<p><\/p>\n<p><\/p>\n<ul class=\"wp-block-list\">\n<li style=\"list-style-type: none;\">\n<ul class=\"wp-block-list\"><\/p>\n<li>Lietuvi\u0173<\/li>\n<\/ul>\n<\/li>\n<\/ul>\n<p><\/p>\n<p><\/p>\n<ul class=\"wp-block-list\">\n<li style=\"list-style-type: none;\">\n<ul class=\"wp-block-list\">\n<li>Angl\u0173<\/li>\n<\/ul>\n<\/li>\n<\/ul>\n<p><\/p>\n<p><\/p>\n<ul class=\"wp-block-list\">\n<li style=\"list-style-type: none;\">\n<ul class=\"wp-block-list\">\n<li>Rus\u0173<\/li>\n<\/ul>\n<\/li>\n<\/ul>\n<p><\/p>\n<p><\/p>\n<p><\/p>\n<h3 class=\"wp-block-heading\">Mokslai:<\/h3>\n<p><\/p>\n<p><\/p>\n<ul class=\"wp-block-list\">\n<li style=\"list-style-type: none;\">\n<ul class=\"wp-block-list\"><\/p>\n<li>2019 m. &#8211; Geros klinikin\u0117s praktikos sertifikatas tyr\u0117jams (GCP E6 (R2))<\/li>\n<\/ul>\n<\/li>\n<\/ul>\n<p><\/p>\n<p><\/p>\n<ul class=\"wp-block-list\">\n<li style=\"list-style-type: none;\">\n<ul class=\"wp-block-list\">\n<li>2010 m. \u2013 2015 m. LSMU, medicinos studij\u0173 krypties urologijos rezident\u016bra, \u012fgyta gydytojo urologo profesin\u0117 kvalifikacija<\/li>\n<\/ul>\n<\/li>\n<\/ul>\n<p><\/p>\n<p><\/p>\n<ul class=\"wp-block-list\">\n<li style=\"list-style-type: none;\">\n<ul class=\"wp-block-list\">\n<li>2008 m. \u2013 2009 m. Internat\u016bra V\u0160\u012e \u201cK\u0117daini\u0173 ligonin\u0117\u201c.<\/li>\n<\/ul>\n<\/li>\n<\/ul>\n<p><\/p>\n<p><\/p>\n<ul class=\"wp-block-list\">\n<li style=\"list-style-type: none;\">\n<ul class=\"wp-block-list\">\n<li>2003 m. \u2013 2009 m.Kauno Medicinos Universiteto medicinos fakultete \u012fgytas medicinos magistro kvalifikacinis laipsnis ir gydytojo kvalifikacija.<\/li>\n<\/ul>\n<\/li>\n<\/ul>\n<p><\/p>\n<p><\/p>\n<p><\/p>\n<h3 class=\"wp-block-heading\">Sta\u017euot\u0117s:<\/h3>\n<p><\/p>\n<p><\/p>\n<ul class=\"wp-block-list\">\n<li style=\"list-style-type: none;\">\n<ul class=\"wp-block-list\"><\/p>\n<li>2025 m. &#8211; EAU 10th Baltic Meeting, Vilnius.<\/li>\n<\/ul>\n<\/li>\n<\/ul>\n<p><\/p>\n<p><\/p>\n<ul class=\"wp-block-list\">\n<li style=\"list-style-type: none;\">\n<ul class=\"wp-block-list\">\n<li>2024 m. &#8211; EAU 9th Baltic Meeting, Talinas.<\/li>\n<\/ul>\n<\/li>\n<\/ul>\n<p><\/p>\n<p><\/p>\n<ul class=\"wp-block-list\">\n<li style=\"list-style-type: none;\">\n<ul class=\"wp-block-list\">\n<li>2022 m. &#8211; EAU 7th Baltic Meeting (Baltic22) , Vilnius.<\/li>\n<\/ul>\n<\/li>\n<\/ul>\n<p><\/p>\n<p><\/p>\n<ul class=\"wp-block-list\">\n<li style=\"list-style-type: none;\">\n<ul class=\"wp-block-list\">\n<li>2019 m. &#8211; Baltic 2019 &#8211; 6th Baltic Meeting in conjunction with the EAU<\/li>\n<\/ul>\n<\/li>\n<\/ul>\n<p><\/p>\n<p><\/p>\n<ul class=\"wp-block-list\">\n<li style=\"list-style-type: none;\">\n<ul class=\"wp-block-list\">\n<li>2018 m. &#8211; \u201cESU Master Class in Urology\u201d Salzburg, Austrija.<\/li>\n<\/ul>\n<\/li>\n<\/ul>\n<p><\/p>\n<p><\/p>\n<ul class=\"wp-block-list\">\n<li style=\"list-style-type: none;\">\n<ul class=\"wp-block-list\">\n<li>2018 m. &#8211; 5th Baltic Meeting in conjunction with the EAU, Ryga.<\/li>\n<\/ul>\n<\/li>\n<\/ul>\n<p><\/p>\n<p><\/p>\n<ul class=\"wp-block-list\">\n<li style=\"list-style-type: none;\">\n<ul class=\"wp-block-list\">\n<li>2017 m. &#8211; 32nd Annual EAU Congress in London, Did\u017eioji Britanija<\/li>\n<\/ul>\n<\/li>\n<\/ul>\n<p><\/p>\n<p><\/p>\n<ul class=\"wp-block-list\">\n<li style=\"list-style-type: none;\">\n<ul class=\"wp-block-list\">\n<li>2017 m . &#8211; 4rd EAU Baltic , Vilnius, Lietuva.<\/li>\n<\/ul>\n<\/li>\n<\/ul>\n<p><\/p>\n<p><\/p>\n<ul class=\"wp-block-list\">\n<li style=\"list-style-type: none;\">\n<ul class=\"wp-block-list\">\n<li>2016 m. &#8211; 3rd EAU Baltic Regional Meeting, dalyvis, Talinas.<\/li>\n<\/ul>\n<\/li>\n<\/ul>\n<p><\/p>\n<p><\/p>\n<ul class=\"wp-block-list\">\n<li style=\"list-style-type: none;\">\n<ul class=\"wp-block-list\">\n<li>2014 m. &#8211; 12-tos Europos Urologijos Rezident\u0173 Programos dalyvis, Praha;<\/li>\n<\/ul>\n<\/li>\n<\/ul>\n<p><\/p>\n<p><\/p>\n<p><\/p>\n<h3 class=\"wp-block-heading\">Asociacijos:<\/h3>\n<p><\/p>\n<p><\/p>\n<ul class=\"wp-block-list\">\n<li style=\"list-style-type: none;\">\n<ul class=\"wp-block-list\"><\/p>\n<li>2015 m. \u2013 dabar \u201cLietuvos Urolog\u0173 draugijos narys\u201d<\/li>\n<\/ul>\n<\/li>\n<\/ul>\n<p><\/p>\n<p><\/p>\n<ul class=\"wp-block-list\">\n<li style=\"list-style-type: none;\">\n<ul class=\"wp-block-list\">\n<li>2010 m. \u2013 dabar \u201cEuropos Urolog\u0173 asociacijos narys\u201d<\/li>\n<\/ul>\n<\/li>\n<\/ul>\n<p><\/p>\n<p><\/p>\n<p><\/p>\n<p><strong>Klinikinis tyrimas:<\/strong><\/p>\n<p><\/p>\n<p><\/p>\n<p>&#8220;Efficacy and Safety of Vibegron for Persistent Symptoms of Overactive Bladder in Men Being Pharmacologically Treated for Benign Prostatic Hyperplasia &#8211; Phase 3 Randomized Controlled COURAGE Trial &#8221; &#8211; (Sub-Investigator (Sub-I) (2019-2023)<\/p>\n<p><\/p>\n<p><\/p>\n<p><\/p>","protected":false},"excerpt":{"rendered":"<p>Licencijos: Kalba \u0161iomis kalbomis: Mokslai: Sta\u017euot\u0117s: Asociacijos: Klinikinis tyrimas: &#8220;Efficacy and Safety of Vibegron for Persistent Symptoms of Overactive Bladder in Men Being Pharmacologically Treated for Benign Prostatic Hyperplasia &#8211; Phase 3 Randomized Controlled COURAGE Trial &#8221; &#8211; (Sub-Investigator (Sub-I) (2019-2023)<\/p>\n","protected":false},"author":1,"featured_media":0,"parent":0,"menu_order":0,"comment_status":"closed","ping_status":"closed","template":"","meta":{"footnotes":"[]"},"class_list":["post-31","page","type-page","status-publish","hentry"],"aioseo_notices":[],"_links":{"self":[{"href":"https:\/\/urologaskedainiuose.lt\/index.php\/wp-json\/wp\/v2\/pages\/31","targetHints":{"allow":["GET"]}}],"collection":[{"href":"https:\/\/urologaskedainiuose.lt\/index.php\/wp-json\/wp\/v2\/pages"}],"about":[{"href":"https:\/\/urologaskedainiuose.lt\/index.php\/wp-json\/wp\/v2\/types\/page"}],"author":[{"embeddable":true,"href":"https:\/\/urologaskedainiuose.lt\/index.php\/wp-json\/wp\/v2\/users\/1"}],"replies":[{"embeddable":true,"href":"https:\/\/urologaskedainiuose.lt\/index.php\/wp-json\/wp\/v2\/comments?post=31"}],"version-history":[{"count":86,"href":"https:\/\/urologaskedainiuose.lt\/index.php\/wp-json\/wp\/v2\/pages\/31\/revisions"}],"predecessor-version":[{"id":262,"href":"https:\/\/urologaskedainiuose.lt\/index.php\/wp-json\/wp\/v2\/pages\/31\/revisions\/262"}],"wp:attachment":[{"href":"https:\/\/urologaskedainiuose.lt\/index.php\/wp-json\/wp\/v2\/media?parent=31"}],"curies":[{"name":"wp","href":"https:\/\/api.w.org\/{rel}","templated":true}]}}